{"id":662,"date":"2021-05-11T08:18:39","date_gmt":"2021-05-11T08:18:39","guid":{"rendered":"https:\/\/www.le-passe-montagne.fr\/?page_id=662"},"modified":"2022-06-14T13:16:43","modified_gmt":"2022-06-14T13:16:43","slug":"formules-et-menus","status":"publish","type":"page","link":"https:\/\/www.le-passe-montagne.fr\/en\/formules-et-menus\/","title":{"rendered":"Specials and menus"},"content":{"rendered":"<div class=\"boldgrid-section background-fixed\" data-image-url=\"https:\/\/www.le-passe-montagne.fr\/wp-content\/uploads\/2020\/09\/le-passe-montagne-4.jpg\" style=\"background-image: linear-gradient(to left, rgba(255, 255, 255, 0.75), rgba(255, 255, 255, 0.75)), url('https:\/\/www.le-passe-montagne.fr\/wp-content\/uploads\/2020\/09\/le-passe-montagne-4.jpg'); background-size: cover; background-position: 50% 50%;\" data-bg-overlaycolor=\"rgba(255,255,255,0.75)\">\n<div class=\"container\">\n<div class=\"row\">\n<div class=\"col-md-12 col-xs-12 col-sm-12\">\n<style>.fdm-section-header p { display: none; }.fdm-item-title { cursor: pointer; }<\/style><ul  class=\"fdm-section fdm-sectionid-56 fdm-section-formules-et-menus fdm-section-one\">\n\t<li class=\"fdm-section-header\" id=\"fdm-section-header-formules-et-menus\">\n\n\t\t\t\t\n\t\t\n\t\t\t\t\t<h3 class=''>Specials and menus<\/h3>\n\t\t\n\t\t\n\t\t\n\t<\/li>\n\t\n\t\t<li class=\"fdm-item fdm-item-ajax-open fdm-item-has-price\" data-postid=\"1015\" data-section=\"56\" data-timeadded=\"1655303282\">\n\t\n\t\t\n\t\t<div class=\"fdm-item-panel\" data-price=\"14,00\">\n\n\t\t\t<p class=\"fdm-item-title\">Formule Biker<\/p><div class=\"fdm-item-price-wrapper\" data-min_price='1000000' data-max_price='0'>\n\t\t\t<div class=\"fdm-item-price\">14,00\u20ac<\/div>\n\t<\/div>\n<div class=\"fdm-item-content\">\n\t<p><!-- wp:paragraph --><\/p>\n<p>Cheesburger, frites, salade verte<\/p>\n<p><!-- \/wp:paragraph --><\/p>\n<p><!-- wp:paragraph --><\/p>\n<p>Cr\u00eape sucr\u00e9e au choix ou creme br\u00fbl\u00e9e myrtille ou glace 2 boules<\/p>\n<p><!-- \/wp:paragraph --><\/p>\n<\/div>\n\t\t\t<div class=\"clearfix\"><\/div>\n\t\t<\/div>\n\n\t\t\n\t\t<\/li>\n\t\n\n\n\t\t<li class=\"fdm-item fdm-item-ajax-open fdm-item-has-price\" data-postid=\"808\" data-section=\"56\" data-timeadded=\"1620897757\">\n\t\n\t\t\n\t\t<div class=\"fdm-item-panel\" data-price=\"\u00e0 partir de 15\">\n\n\t\t\t<p class=\"fdm-item-title\">Dish of the day<\/p><div class=\"fdm-item-price-wrapper\" data-min_price='1000000' data-max_price='0'>\n\t\t\t<div class=\"fdm-item-price\">From 15\u20ac<\/div>\n\t<\/div>\n<div class=\"fdm-item-content\">\n\t<p><!-- wp:paragraph --><\/p>\n<p>Check on the restaurant slate<\/p>\n<p><!-- \/wp:paragraph --><\/p>\n<p><!-- wp:paragraph --><\/p>\n<p><!-- \/wp:paragraph --><\/p>\n<\/div>\n\t\t\t<div class=\"clearfix\"><\/div>\n\t\t<\/div>\n\n\t\t\n\t\t<\/li>\n\t\n\n\n\t\t<li class=\"fdm-item fdm-item-ajax-open fdm-item-has-price\" data-postid=\"811\" data-section=\"56\" data-timeadded=\"1620898167\">\n\t\n\t\t\n\t\t<div class=\"fdm-item-panel\" data-price=\"10,00\">\n\n\t\t\t<p class=\"fdm-item-title\">Menu Bout&#039;chou (-12 ans)<\/p><div class=\"fdm-item-price-wrapper\" data-min_price='1000000' data-max_price='0'>\n\t\t\t<div class=\"fdm-item-price\">10,00\u20ac<\/div>\n\t<\/div>\n<div class=\"fdm-item-content\">\n\t<p><!-- wp:paragraph --><\/p>\n<p>Syrup with water <\/p>\n<p><!-- \/wp:paragraph --><\/p>\n<p><!-- wp:paragraph --><\/p>\n<p>Ham with fries or Chicken nuggets with fries or mince beefsteak with fries <\/p>\n<p><!-- \/wp:paragraph --><\/p>\n<p><!-- wp:paragraph --><\/p>\n<p>Glace  1 boule au choix<\/p>\n<p><!-- \/wp:paragraph --><\/p>\n<\/div>\n\t\t\t<div class=\"clearfix\"><\/div>\n\t\t<\/div>\n\n\t\t\n\t\t<\/li>\n\t\n\n<\/ul>\n<\/div>\n<\/div>\n<\/div>\n<\/div>","protected":false},"excerpt":{"rendered":"","protected":false},"author":1,"featured_media":0,"parent":0,"menu_order":0,"comment_status":"closed","ping_status":"closed","template":"","meta":{"bgseo_title":"","bgseo_description":"","bgseo_robots_index":"index","bgseo_robots_follow":"follow","footnotes":""},"class_list":["post-662","page","type-page","status-publish"],"_links":{"self":[{"href":"https:\/\/www.le-passe-montagne.fr\/en\/wp-json\/wp\/v2\/pages\/662","targetHints":{"allow":["GET"]}}],"collection":[{"href":"https:\/\/www.le-passe-montagne.fr\/en\/wp-json\/wp\/v2\/pages"}],"about":[{"href":"https:\/\/www.le-passe-montagne.fr\/en\/wp-json\/wp\/v2\/types\/page"}],"author":[{"embeddable":true,"href":"https:\/\/www.le-passe-montagne.fr\/en\/wp-json\/wp\/v2\/users\/1"}],"replies":[{"embeddable":true,"href":"https:\/\/www.le-passe-montagne.fr\/en\/wp-json\/wp\/v2\/comments?post=662"}],"version-history":[{"count":10,"href":"https:\/\/www.le-passe-montagne.fr\/en\/wp-json\/wp\/v2\/pages\/662\/revisions"}],"predecessor-version":[{"id":952,"href":"https:\/\/www.le-passe-montagne.fr\/en\/wp-json\/wp\/v2\/pages\/662\/revisions\/952"}],"wp:attachment":[{"href":"https:\/\/www.le-passe-montagne.fr\/en\/wp-json\/wp\/v2\/media?parent=662"}],"curies":[{"name":"wp","href":"https:\/\/api.w.org\/{rel}","templated":true}]}}