{"id":5,"date":"2020-08-29T08:19:57","date_gmt":"2020-08-29T08:19:57","guid":{"rendered":"https:\/\/www.le-passe-montagne.fr\/home\/"},"modified":"2024-12-10T17:12:29","modified_gmt":"2024-12-10T17:12:29","slug":"home","status":"publish","type":"page","link":"https:\/\/www.le-passe-montagne.fr\/en\/","title":{"rendered":"Home"},"content":{"rendered":"<div class=\"boldgrid-section\">\n<div class=\"container\"><\/div>\n<\/div>\n<div class=\"boldgrid-section\">\n<div class=\"container\">\n<div class=\"row\">\n<div class=\"col-md-12 col-xs-12 col-sm-12 col-lg-12\">\n<h1 class=\"text-center\">Le Passe Montagne<\/h1>\n<\/div>\n<\/div>\n<div class=\"boldgrid-section\">\n<div class=\"row\">\n<div class=\"col-md-6 col-xs-12 col-sm-12 col-lg-6\">\n<p class=\"mod-reset\"><img loading=\"lazy\" decoding=\"async\" class=\"alignnone wp-image-35\" title=\"Restaurant Le Passe Montagne, Les Lindarets, Montriond, Avoriaz\" src=\"https:\/\/www.le-passe-montagne.fr\/wp-content\/uploads\/2020\/08\/cheminee-passe-montagne-300x200.jpg\" alt=\"Restaurant Le Passe Montagne, Les Lindarets, Montriond, Avoriaz\" width=\"478\" height=\"318\" srcset=\"https:\/\/www.le-passe-montagne.fr\/wp-content\/uploads\/2020\/08\/cheminee-passe-montagne-300x200.jpg 300w, https:\/\/www.le-passe-montagne.fr\/wp-content\/uploads\/2020\/08\/cheminee-passe-montagne-768x512.jpg 768w, https:\/\/www.le-passe-montagne.fr\/wp-content\/uploads\/2020\/08\/cheminee-passe-montagne-250x167.jpg 250w, https:\/\/www.le-passe-montagne.fr\/wp-content\/uploads\/2020\/08\/cheminee-passe-montagne-550x367.jpg 550w, https:\/\/www.le-passe-montagne.fr\/wp-content\/uploads\/2020\/08\/cheminee-passe-montagne-800x534.jpg 800w, https:\/\/www.le-passe-montagne.fr\/wp-content\/uploads\/2020\/08\/cheminee-passe-montagne-270x180.jpg 270w, https:\/\/www.le-passe-montagne.fr\/wp-content\/uploads\/2020\/08\/cheminee-passe-montagne-450x300.jpg 450w, https:\/\/www.le-passe-montagne.fr\/wp-content\/uploads\/2020\/08\/cheminee-passe-montagne-750x500.jpg 750w, https:\/\/www.le-passe-montagne.fr\/wp-content\/uploads\/2020\/08\/cheminee-passe-montagne.jpg 1024w\" sizes=\"auto, (max-width: 478px) 100vw, 478px\" \/><\/p>\n<p class=\"\">&nbsp;<\/p>\n<\/div>\n<div class=\"col-md-6 col-xs-12 col-sm-12 col-lg-6\">\n<p class=\"\">Our restaurant Le Passe Montagne is ideally located at the bottom of the slopes on the Lindarets plateau just above the village of goats between Montriond and Morzine-Avoriaz.<\/p>\n<p class=\"\">It is a family restaurant that has been offering local specialties as well as traditional catering since 1993 and welcomes every day, from Monday to Sunday from 8.30 am to 7.00 pm, during winter (from December 1 to the end of April) as well as in summer ( July and August).<\/p>\n<p class=\"\" style=\"text-align: justify;\">Do not hesitate to come and enjoy our warm atmosphere, by the fireplace in winter with a good mulled wine, our sheltered wooden terrace for sunny days or our deckchairs to relax after a good day of skiing or hiking on the many routes that surround us.<\/p>\n<\/div>\n<\/div>\n<\/div>\n<div class=\"row\">\n<div class=\"col-md-12 col-xs-12 col-sm-12 col-lg-12\">\n<p class=\"p-button-primary color-3-text-contrast color3-background-color\" style=\"text-align: center;\"><a class=\"button-primary button-overrides\" href=\"https:\/\/www.le-passe-montagne.fr\/en\/notre-carte\/\">Check our Menu<\/a><\/p>\n<\/div>\n<\/div>\n<div class=\"row\"><\/div>\n<\/div>\n<\/div>\n<div class=\"tmpl-call_to_action-13 boldgrid-section dynamic-gridblock background-fixed\" style=\"background-image: url('https:\/\/www.le-passe-montagne.fr\/wp-content\/uploads\/2020\/09\/le-passe-montagne.jpg'); background-size: cover; background-position: 50% 50%;\" data-image-url=\"https:\/\/www.le-passe-montagne.fr\/wp-content\/uploads\/2020\/09\/le-passe-montagne.jpg\">\n<div class=\"container\">\n<div class=\"row\" style=\"padding-top: 241px; padding-bottom: 110px;\">\n<div class=\"col-md-3 col-sm-2 col-xs-1 col-lg-3\"><\/div>\n<div class=\"col-md-3 col-sm-2 col-xs-1 col-lg-3\"><\/div>\n<\/div>\n<\/div>\n<\/div>\n<div class=\"color2-background-color color-2-text-contrast bg-background-color tmpl-team-3 boldgrid-section dynamic-gridblock\">\n<div class=\"container\">\n<div class=\"row\" style=\"padding-top: 50px; padding-bottom: 50px;\">\n<div class=\"col-md-12 col-sm-4 col-xs-12 text-center col-lg-12\" style=\"padding-right: 0em; padding-left: 0.8em;\">\n<div>\n<h2 class=\"color3-color\">Specialties<\/h2>\n<div class=\"wc-gallery\"><div id='gallery-1' data-gutter-width='5' data-columns='3' class='gallery wc-gallery-captions-onhover gallery-link-file gallery-masonry galleryid-5 gallery-columns-3 gallery-size-thumbnail wc-gallery-bottomspace-default wc-gallery-clear'><div class='gallery-item gallery-item-position-1 gallery-item-attachment-42'>\n\t\t\t\t<div class='gallery-icon landscape'>\n\t\t\t\t\t<a href='https:\/\/www.le-passe-montagne.fr\/wp-content\/uploads\/2020\/08\/desserts-rond.png' title='Restaurant Le Passe Montagne, Les Lindarets, Montriond, Avoriaz, Desserts maison' target='_self'><img loading=\"lazy\" decoding=\"async\" width=\"150\" height=\"150\" src=\"https:\/\/www.le-passe-montagne.fr\/wp-content\/uploads\/2020\/08\/desserts-rond-150x150.png\" class=\"attachment-thumbnail size-thumbnail\" alt=\"Restaurant Le Passe Montagne, Les Lindarets, Montriond, Avoriaz, desserts maison\" data-attachment-id=\"42\" srcset=\"https:\/\/www.le-passe-montagne.fr\/wp-content\/uploads\/2020\/08\/desserts-rond-150x150.png 150w, https:\/\/www.le-passe-montagne.fr\/wp-content\/uploads\/2020\/08\/desserts-rond-48x48.png 48w, https:\/\/www.le-passe-montagne.fr\/wp-content\/uploads\/2020\/08\/desserts-rond-300x300.png 300w\" sizes=\"auto, (max-width: 150px) 100vw, 150px\" \/><\/a>\n\t\t\t\t<\/div><\/div><div class='gallery-item gallery-item-position-2 gallery-item-attachment-40'>\n\t\t\t\t<div class='gallery-icon landscape'>\n\t\t\t\t\t<a href='https:\/\/www.le-passe-montagne.fr\/wp-content\/uploads\/2020\/08\/beignets-rond.png' title='Restaurant Le Passe Montagne, Les Lindarets, Montriond, Avoriaz, beignets de pomme de terre' target='_self'><img loading=\"lazy\" decoding=\"async\" width=\"150\" height=\"150\" src=\"https:\/\/www.le-passe-montagne.fr\/wp-content\/uploads\/2020\/08\/beignets-rond-150x150.png\" class=\"attachment-thumbnail size-thumbnail\" alt=\"Restaurant Le Passe Montagne, Les Lindarets, Montriond, Avoriaz, beignets de pomme de terre\" data-attachment-id=\"40\" srcset=\"https:\/\/www.le-passe-montagne.fr\/wp-content\/uploads\/2020\/08\/beignets-rond-150x150.png 150w, https:\/\/www.le-passe-montagne.fr\/wp-content\/uploads\/2020\/08\/beignets-rond-48x48.png 48w, https:\/\/www.le-passe-montagne.fr\/wp-content\/uploads\/2020\/08\/beignets-rond-300x300.png 300w\" sizes=\"auto, (max-width: 150px) 100vw, 150px\" \/><\/a>\n\t\t\t\t<\/div><\/div><div class='gallery-item gallery-item-position-3 gallery-item-attachment-44'>\n\t\t\t\t<div class='gallery-icon landscape'>\n\t\t\t\t\t<a href='https:\/\/www.le-passe-montagne.fr\/wp-content\/uploads\/2020\/08\/ecorce-de-sapin-rond.png' title='Restaurant Le Passe Montagne, Les Lindarets, Montriond, Avoriaz, Ecorce de sapin' target='_self'><img loading=\"lazy\" decoding=\"async\" width=\"150\" height=\"150\" src=\"https:\/\/www.le-passe-montagne.fr\/wp-content\/uploads\/2020\/08\/ecorce-de-sapin-rond-150x150.png\" class=\"attachment-thumbnail size-thumbnail\" alt=\"Restaurant Le Passe Montagne, Les Lindarets, Montriond, Avoriaz, Ecorce de sapin\" data-attachment-id=\"44\" srcset=\"https:\/\/www.le-passe-montagne.fr\/wp-content\/uploads\/2020\/08\/ecorce-de-sapin-rond-150x150.png 150w, https:\/\/www.le-passe-montagne.fr\/wp-content\/uploads\/2020\/08\/ecorce-de-sapin-rond-48x48.png 48w, https:\/\/www.le-passe-montagne.fr\/wp-content\/uploads\/2020\/08\/ecorce-de-sapin-rond-300x300.png 300w\" sizes=\"auto, (max-width: 150px) 100vw, 150px\" \/><\/a>\n\t\t\t\t<\/div><\/div><\/div>\n<\/div>\n<p class=\"bg-social-icons inherit\" style=\"font-size: 25px;\"><i class=\"fa fa-facebook\" aria-hidden=\"true\">&nbsp;<\/i>&nbsp; <a href=\"#\"><i class=\"fa fa-tripadvisor\" aria-hidden=\"true\">&nbsp;<\/i><\/a> &nbsp;<i class=\"fa fa-instagram\" aria-hidden=\"true\"> <\/i><\/p>\n<\/div>\n<\/div>\n<\/div>\n<\/div>\n<\/div>\n<div class=\"color-neutral-background-color color-neutral-text-contrast bg-background-color tmpl-contact-2 boldgrid-section dynamic-gridblock\">\n<div class=\"container-fluid\">\n<div class=\"row\" style=\"padding-top: 75px; padding-bottom: 75px;\">\n<div class=\"col-md-12 col-xs-12 col-sm-12 col-lg-12\">\n<pre class=\"ti-widget\" style=\"display: none\"><div class=\"ti-widget ti-trip ti-review-text-mode-readmore ti-text-align-left\" data-no-translation=\"true\" data-layout-id=\"4\" data-set-id=\"light-background\" data-pid=\"\" data-pager-autoplay-timeout=\"6\" data-review-target-width=\"300\" data-language=\"fr\" > <div class=\"ti-widget-container ti-col-3\"> <div class=\"ti-reviews-container\"> <div class=\"ti-controls\"> <div class=\"ti-next\"><\/div> <div class=\"ti-prev\"><\/div> <\/div> <div class=\"ti-reviews-container-wrapper\">  <div data-empty=\"0\" class=\"ti-review-item source-Tripadvisor\" > <div class=\"ti-inner\"> <div class=\"ti-review-header\"> <div class=\"ti-profile-img\"> <img decoding=\"async\" src=\"https:\/\/dynamic-media-cdn.tripadvisor.com\/media\/photo-o\/1a\/f6\/e4\/a9\/default-avatar-2020-50.jpg?w=100&h=100&s=1\" alt=\"Vince52\" \/> <\/div> <div class=\"ti-profile-details\"> <div class=\"ti-name\"> Vince52 <\/div> <div class=\"ti-date\">2020-08-09<\/div> <\/div> <\/div> <span class=\"ti-stars\"><span class=\"ti-star f\"><\/span><span class=\"ti-star f\"><\/span><span class=\"ti-star f\"><\/span><span class=\"ti-star f\"><\/span><span class=\"ti-star f\"><\/span><\/span> <div class=\"ti-review-text-container ti-review-content\"><!-- R-CONTENT --><strong>Comme toujours repas tr\u00e8s<\/strong>\nComme toujours repas tr\u00e8s agr\u00e9able, les salades une tueries. Personnel tr\u00e8s agr\u00e9able. terrasse agr\u00e9able ensoleill\u00e9e \u00e9t\u00e9 comme hiver.<!-- R-CONTENT --><\/div> <span class=\"ti-read-more\" data-container=\".ti-review-content\" data-collapse-text=\"Cacher\" data-open-text=\"Lire la suite\" ><\/span> <\/div> <\/div>  <div data-empty=\"0\" class=\"ti-review-item source-Tripadvisor\" > <div class=\"ti-inner\"> <div class=\"ti-review-header\"> <div class=\"ti-profile-img\"> <img decoding=\"async\" src=\"https:\/\/dynamic-media-cdn.tripadvisor.com\/media\/photo-o\/1a\/f6\/f4\/d0\/default-avatar-2020-33.jpg?w=100&h=100&s=1\" alt=\"OLIVIER H\" \/> <\/div> <div class=\"ti-profile-details\"> <div class=\"ti-name\"> OLIVIER H <\/div> <div class=\"ti-date\">2020-08-04<\/div> <\/div> <\/div> <span class=\"ti-stars\"><span class=\"ti-star f\"><\/span><span class=\"ti-star f\"><\/span><span class=\"ti-star f\"><\/span><span class=\"ti-star f\"><\/span><span class=\"ti-star f\"><\/span><\/span> <div class=\"ti-review-text-container ti-review-content\"><!-- R-CONTENT --><strong>Tr\u00e8s bonne adresse !!!<\/strong>\nCarte vari\u00e9e avec des sp\u00e9cialit\u00e9s savoyardes, mais pas que.\nLes plats ont \u00e9t\u00e9 appr\u00e9ci\u00e9s par tous, le service fut assez rapide et toujours avec le sourire.\nPS : j'ai ador\u00e9 le Tiramisu Maison aux framboises ...<!-- R-CONTENT --><\/div> <span class=\"ti-read-more\" data-container=\".ti-review-content\" data-collapse-text=\"Cacher\" data-open-text=\"Lire la suite\" ><\/span> <\/div> <\/div>  <div data-empty=\"0\" class=\"ti-review-item source-Tripadvisor\" > <div class=\"ti-inner\"> <div class=\"ti-review-header\"> <div class=\"ti-profile-img\"> <img decoding=\"async\" src=\"https:\/\/dynamic-media-cdn.tripadvisor.com\/media\/photo-o\/1a\/f6\/e9\/ef\/default-avatar-2020-66.jpg?w=100&h=100&s=1\" alt=\"hiboux2017\" \/> <\/div> <div class=\"ti-profile-details\"> <div class=\"ti-name\"> hiboux2017 <\/div> <div class=\"ti-date\">2020-07-31<\/div> <\/div> <\/div> <span class=\"ti-stars\"><span class=\"ti-star f\"><\/span><span class=\"ti-star f\"><\/span><span class=\"ti-star f\"><\/span><span class=\"ti-star f\"><\/span><span class=\"ti-star f\"><\/span><\/span> <div class=\"ti-review-text-container ti-review-content\"><!-- R-CONTENT --><strong>endroit et accueil sympathique<\/strong>\nNous avons pass\u00e9 un agr\u00e9able moment dans ce petit restaurant.\nBel endroit pour se poser au soleil et manger un plat du jour bon et copieux.\nL'accueil et le service est tres sympathique<!-- R-CONTENT --><\/div> <span class=\"ti-read-more\" data-container=\".ti-review-content\" data-collapse-text=\"Cacher\" data-open-text=\"Lire la suite\" ><\/span> <\/div> <\/div>  <div data-empty=\"0\" class=\"ti-review-item source-Tripadvisor\" > <div class=\"ti-inner\"> <div class=\"ti-review-header\"> <div class=\"ti-profile-img\"> <img decoding=\"async\" src=\"https:\/\/dynamic-media-cdn.tripadvisor.com\/media\/photo-o\/1a\/f6\/e4\/a9\/default-avatar-2020-50.jpg?w=100&h=100&s=1\" alt=\"Valerie M\" \/> <\/div> <div class=\"ti-profile-details\"> <div class=\"ti-name\"> Valerie M <\/div> <div class=\"ti-date\">2020-07-19<\/div> <\/div> <\/div> <span class=\"ti-stars\"><span class=\"ti-star f\"><\/span><span class=\"ti-star f\"><\/span><span class=\"ti-star f\"><\/span><span class=\"ti-star f\"><\/span><span class=\"ti-star f\"><\/span><\/span> <div class=\"ti-review-text-container ti-review-content\"><!-- R-CONTENT --><strong>Super<\/strong>\nNous avons mang\u00e9 dans ce resto plusieurs midi ,repas copieux,bien garnis et tres bons\nServeuse sympathique<!-- R-CONTENT --><\/div> <span class=\"ti-read-more\" data-container=\".ti-review-content\" data-collapse-text=\"Cacher\" data-open-text=\"Lire la suite\" ><\/span> <\/div> <\/div>  <div data-empty=\"0\" class=\"ti-review-item source-Tripadvisor\" > <div class=\"ti-inner\"> <div class=\"ti-review-header\"> <div class=\"ti-profile-img\"> <img decoding=\"async\" src=\"https:\/\/dynamic-media-cdn.tripadvisor.com\/media\/photo-o\/1a\/f6\/e9\/ef\/default-avatar-2020-66.jpg?w=100&h=100&s=1\" alt=\"nicolebO8800IY\" \/> <\/div> <div class=\"ti-profile-details\"> <div class=\"ti-name\"> nicolebO8800IY <\/div> <div class=\"ti-date\">2020-02-27<\/div> <\/div> <\/div> <span class=\"ti-stars\"><span class=\"ti-star f\"><\/span><span class=\"ti-star f\"><\/span><span class=\"ti-star f\"><\/span><span class=\"ti-star f\"><\/span><span class=\"ti-star e\"><\/span><\/span> <div class=\"ti-review-text-container ti-review-content\"><!-- R-CONTENT --><strong>Endroit chaleureux .<\/strong>\nEndroit chaleureux . Que ce soit pour un caf\u00e9 sous le parasol chauffant ou un d\u00e9jeuner \u00e0 l int\u00e9rieur, on y est tr\u00e8s bien accueilli et on y mange bien .. service tr\u00e8s sympa .<!-- R-CONTENT --><\/div> <span class=\"ti-read-more\" data-container=\".ti-review-content\" data-collapse-text=\"Cacher\" data-open-text=\"Lire la suite\" ><\/span> <\/div> <\/div>  <div data-empty=\"0\" class=\"ti-review-item source-Tripadvisor\" > <div class=\"ti-inner\"> <div class=\"ti-review-header\"> <div class=\"ti-profile-img\"> <img decoding=\"async\" src=\"https:\/\/dynamic-media-cdn.tripadvisor.com\/media\/photo-o\/19\/c4\/40\/80\/rodolphed44.jpg?w=100&h=100&s=1\" alt=\"Rodolphe D\" \/> <\/div> <div class=\"ti-profile-details\"> <div class=\"ti-name\"> Rodolphe D <\/div> <div class=\"ti-date\">2020-02-08<\/div> <\/div> <\/div> <span class=\"ti-stars\"><span class=\"ti-star f\"><\/span><span class=\"ti-star f\"><\/span><span class=\"ti-star f\"><\/span><span class=\"ti-star f\"><\/span><span class=\"ti-star e\"><\/span><\/span> <div class=\"ti-review-text-container ti-review-content\"><!-- R-CONTENT --><strong>Un bon d\u00e9jeuner un samedi<\/strong>\nUn bon d\u00e9jeuner un samedi midi, excellente viande, tr\u00e8s bien servie salade frite, tr\u00e8s bon rapport qualit\u00e9 prix, staff charmant et rapide !<!-- R-CONTENT --><\/div> <span class=\"ti-read-more\" data-container=\".ti-review-content\" data-collapse-text=\"Cacher\" data-open-text=\"Lire la suite\" ><\/span> <\/div> <\/div>  <div data-empty=\"0\" class=\"ti-review-item source-Tripadvisor\" > <div class=\"ti-inner\"> <div class=\"ti-review-header\"> <div class=\"ti-profile-img\"> <img decoding=\"async\" src=\"https:\/\/dynamic-media-cdn.tripadvisor.com\/media\/photo-o\/1a\/f6\/e7\/99\/default-avatar-2020-57.jpg?w=100&h=100&s=1\" alt=\"Per10000\" \/> <\/div> <div class=\"ti-profile-details\"> <div class=\"ti-name\"> Per10000 <\/div> <div class=\"ti-date\">2020-01-09<\/div> <\/div> <\/div> <span class=\"ti-stars\"><span class=\"ti-star f\"><\/span><span class=\"ti-star f\"><\/span><span class=\"ti-star f\"><\/span><span class=\"ti-star f\"><\/span><span class=\"ti-star e\"><\/span><\/span> <div class=\"ti-review-text-container ti-review-content\"><!-- R-CONTENT --><strong>Outside lunch<\/strong>\nThis Place is ideal for sitting outside eating lunch. Very good salads, tartiflette but also kebab..<!-- R-CONTENT --><\/div> <span class=\"ti-read-more\" data-container=\".ti-review-content\" data-collapse-text=\"Cacher\" data-open-text=\"Lire la suite\" ><\/span> <\/div> <\/div>  <div data-empty=\"0\" class=\"ti-review-item source-Tripadvisor\" > <div class=\"ti-inner\"> <div class=\"ti-review-header\"> <div class=\"ti-profile-img\"> <img decoding=\"async\" src=\"https:\/\/dynamic-media-cdn.tripadvisor.com\/media\/photo-o\/1a\/f6\/f3\/23\/default-avatar-2020-28.jpg?w=100&h=100&s=1\" alt=\"Faustine G\" \/> <\/div> <div class=\"ti-profile-details\"> <div class=\"ti-name\"> Faustine G <\/div> <div class=\"ti-date\">2020-01-01<\/div> <\/div> <\/div> <span class=\"ti-stars\"><span class=\"ti-star f\"><\/span><span class=\"ti-star f\"><\/span><span class=\"ti-star f\"><\/span><span class=\"ti-star f\"><\/span><span class=\"ti-star e\"><\/span><\/span> <div class=\"ti-review-text-container ti-review-content\"><!-- R-CONTENT --><strong>Parfait<\/strong>\nSuperbe endroit nous sommes venus entre deux sessions de ski. Accueil chaleureux, et plats copieux, nous reviendrons avec plaisir<!-- R-CONTENT --><\/div> <span class=\"ti-read-more\" data-container=\".ti-review-content\" data-collapse-text=\"Cacher\" data-open-text=\"Lire la suite\" ><\/span> <\/div> <\/div>  <div data-empty=\"0\" class=\"ti-review-item source-Tripadvisor\" > <div class=\"ti-inner\"> <div class=\"ti-review-header\"> <div class=\"ti-profile-img\"> <img decoding=\"async\" src=\"https:\/\/dynamic-media-cdn.tripadvisor.com\/media\/photo-o\/0a\/db\/df\/6c\/kevin-h.jpg?w=100&h=100&s=1\" alt=\"K\u00e9vin H\" \/> <\/div> <div class=\"ti-profile-details\"> <div class=\"ti-name\"> K\u00e9vin H <\/div> <div class=\"ti-date\">2019-09-11<\/div> <\/div> <\/div> <span class=\"ti-stars\"><span class=\"ti-star f\"><\/span><span class=\"ti-star f\"><\/span><span class=\"ti-star f\"><\/span><span class=\"ti-star f\"><\/span><span class=\"ti-star f\"><\/span><\/span> <div class=\"ti-review-text-container ti-review-content\"><!-- R-CONTENT --><strong>D\u00e9licieuse tarte \u00e0 la myrtille<\/strong>\nSuper personnel mais surtout tr\u00e8s bonne tarte \u00e0 la myrtille (g\u00e9n\u00e9reuse et fra\u00eeche)\nLa meilleure qu\u2019on ait mang\u00e9 dans les alentours de Ch\u00e2tel<!-- R-CONTENT --><\/div> <span class=\"ti-read-more\" data-container=\".ti-review-content\" data-collapse-text=\"Cacher\" data-open-text=\"Lire la suite\" ><\/span> <\/div> <\/div>  <div data-empty=\"0\" class=\"ti-review-item source-Tripadvisor\" > <div class=\"ti-inner\"> <div class=\"ti-review-header\"> <div class=\"ti-profile-img\"> <img decoding=\"async\" src=\"https:\/\/dynamic-media-cdn.tripadvisor.com\/media\/photo-o\/1a\/f6\/ed\/7b\/default-avatar-2020-6.jpg?w=100&h=100&s=1\" alt=\"JAP\" \/> <\/div> <div class=\"ti-profile-details\"> <div class=\"ti-name\"> JAP <\/div> <div class=\"ti-date\">2019-04-28<\/div> <\/div> <\/div> <span class=\"ti-stars\"><span class=\"ti-star f\"><\/span><span class=\"ti-star f\"><\/span><span class=\"ti-star f\"><\/span><span class=\"ti-star f\"><\/span><span class=\"ti-star e\"><\/span><\/span> <div class=\"ti-review-text-container ti-review-content\"><!-- R-CONTENT --><strong>Good burgers!<\/strong>\nWe actually came here because the Pomme de Pin restaurant next door was closed (and that's one of our favourites)! However, we were really impressed with the burgers. Good portions and delicious. Excellent service - would come back again now.<!-- R-CONTENT --><\/div> <span class=\"ti-read-more\" data-container=\".ti-review-content\" data-collapse-text=\"Cacher\" data-open-text=\"Lire la suite\" ><\/span> <\/div> <\/div>  <\/div> <div class=\"ti-controls-line\"> <div class=\"dot\"><\/div> <\/div> <\/div>   <\/div> <\/div> <\/pre>\n<\/div>\n<\/div>\n<div class=\"row\" style=\"padding-top: 75px;\">\n<div class=\"col-md-3 col-xs-12 col-sm-2 col-lg-3\"><\/div>\n<div class=\"col-md-6 col-xs-12 col-sm-8 text-center col-lg-6\">\n<h2 class=\"\" style=\"text-transform: uppercase;\">Our opening hours<\/h2>\n<\/div>\n<div class=\"col-md-3 col-xs-12 col-sm-2 col-lg-3\"><\/div>\n<\/div>\n<div class=\"row\" style=\"padding-top: 20px; padding-bottom: 35px;\">\n<div class=\"col-md-11 col-sm-3 col-xs-6 text-center col-lg-11\">\n<p class=\"\" style=\"font-weight: bold; text-align: center;\">Open in season from Monday to Sunday included<\/p>\n<p class=\"\">8.30 am - 77-00 pm<\/p>\n<\/div>\n<\/div>\n<div class=\"row\">\n<div class=\"col-md-12 col-xs-12 col-sm-12 wow pulse col-lg-12\" data-wow-duration=\"1s\" data-wow-delay=\"2s\">\n<div class=\"bg-box-cover bg-box-flush bg-box\">\n<p class=\"boldgrid-google-maps\"><iframe loading=\"lazy\" style=\"max-width: 100%;\" src=\"https:\/\/maps.google.com\/maps?q=le+passe+monatgne%2C+les+lindarets&amp;t=m&amp;z=16&amp;output=embed\" width=\"2000\" height=\"300\" frameborder=\"0\"><\/iframe><\/p>\n<\/div>\n<\/div>\n<\/div>\n<\/div>\n<\/div>\n<div style=\"margin-top: 50px; background-image: url('https:\/\/www.le-passe-montagne.fr\/wp-content\/uploads\/2020\/09\/pexels-alisha-mishra-1343464-scaled.jpg'); background-size: cover; background-position: 50% 50%;\" class=\"tmpl-call_to_action-11 boldgrid-section dynamic-gridblock background-scroll background-fixed\" data-image-url=\"https:\/\/www.le-passe-montagne.fr\/wp-content\/uploads\/2020\/09\/pexels-alisha-mishra-1343464-scaled.jpg\">\n<div class=\"container-fluid\">\n<div class=\"row\">\n<div class=\"col-md-5 col-sm-5 col-xs-12 col-lg-5\"><\/div>\n<div class=\"col-md-1 col-sm-1 col-xs-12 col-lg-1\"><\/div>\n<\/div>\n<div class=\"row\" style=\"padding-bottom: 200px;\">\n<div class=\"col-md-5 col-sm-5 col-xs-12 col-lg-5\"><\/div>\n<div class=\"col-md-6 col-sm-6 col-xs-12 col-lg-6\">\n<div style=\"margin-top: -35px;\" class=\"bg-box\">\n<p class=\"\" style=\"text-align: right;\">&nbsp;<\/p>\n<\/div>\n<\/div>\n<div class=\"col-md-1 col-sm-1 col-xs-12 col-lg-1\"><\/div>\n<\/div>\n<\/div>\n<\/div>\n<div class=\"boldgrid-section\">\n<div class=\"container\">\n<div class=\"row\">\n<div class=\"col-md-12 col-xs-12 col-sm-12 col-lg-12\"><\/div>\n<\/div>\n<\/div>\n<\/div>\n<div class=\"boldgrid-section\">\n<div class=\"container\">\n<div class=\"row\">\n<div class=\"col-md-12 col-xs-12 col-sm-12 col-lg-12\"><\/div>\n<\/div>\n<\/div>\n<\/div>\n<div class=\"boldgrid-section\">\n<div class=\"container\">\n<div class=\"row\">\n<div class=\"col-md-12 col-xs-12 col-sm-12 col-lg-12\"><\/div>\n<\/div>\n<\/div>\n<\/div>\n<div class=\"boldgrid-section\">\n<div class=\"container\">\n<div class=\"row\">\n<div class=\"col-md-12 col-xs-12 col-sm-12 col-lg-12\"><\/div>\n<\/div>\n<\/div>\n<\/div>","protected":false},"excerpt":{"rendered":"<p>Le Passe Montagne &nbsp; Notre restaurant Le Passe Montagne est id\u00e9alement situ\u00e9 au pied des pistes sur le plateau des Lindarets juste au dessus du village des ch\u00e8vres entre Montriond et Morzine-Avoriaz. C&rsquo;est un \u00e9tablissement familial qui vous propose ses sp\u00e9cialit\u00e9s locales ainsi qu&rsquo;une restauration traditionnelle depuis 1993 et accueille tous les jours, du lundi [&hellip;]<\/p>","protected":false},"author":1,"featured_media":0,"parent":0,"menu_order":0,"comment_status":"closed","ping_status":"closed","template":"page_home.php","meta":{"bgseo_title":"Restaurant Le Passe Montagne, Les Lindarets, Montrionds","bgseo_description":"Le restaurant Le Passe Montagne est id\u00e9alement situ\u00e9 au pied des pistes sur le plateau des Lindarets au dessus du village des ch\u00e8vres entre Montriond, Avoriaz","bgseo_robots_index":"index","bgseo_robots_follow":"follow","footnotes":""},"class_list":["post-5","page","type-page","status-publish"],"_links":{"self":[{"href":"https:\/\/www.le-passe-montagne.fr\/en\/wp-json\/wp\/v2\/pages\/5","targetHints":{"allow":["GET"]}}],"collection":[{"href":"https:\/\/www.le-passe-montagne.fr\/en\/wp-json\/wp\/v2\/pages"}],"about":[{"href":"https:\/\/www.le-passe-montagne.fr\/en\/wp-json\/wp\/v2\/types\/page"}],"author":[{"embeddable":true,"href":"https:\/\/www.le-passe-montagne.fr\/en\/wp-json\/wp\/v2\/users\/1"}],"replies":[{"embeddable":true,"href":"https:\/\/www.le-passe-montagne.fr\/en\/wp-json\/wp\/v2\/comments?post=5"}],"version-history":[{"count":10,"href":"https:\/\/www.le-passe-montagne.fr\/en\/wp-json\/wp\/v2\/pages\/5\/revisions"}],"predecessor-version":[{"id":1039,"href":"https:\/\/www.le-passe-montagne.fr\/en\/wp-json\/wp\/v2\/pages\/5\/revisions\/1039"}],"wp:attachment":[{"href":"https:\/\/www.le-passe-montagne.fr\/en\/wp-json\/wp\/v2\/media?parent=5"}],"curies":[{"name":"wp","href":"https:\/\/api.w.org\/{rel}","templated":true}]}}